{"id":273,"date":"2016-12-26T08:38:24","date_gmt":"2016-12-26T08:38:24","guid":{"rendered":"http:\/\/demo.wenthemes.com\/university-hub\/?page_id=273"},"modified":"2025-09-18T01:36:09","modified_gmt":"2025-09-18T01:36:09","slug":"assmates-studying-in-library","status":"publish","type":"page","link":"https:\/\/www.reinadelsantisimorosario.edu.pe\/?page_id=273","title":{"rendered":"Un tributo a nuestra \u00abPromoci\u00f3n Estrella de la Ma\u00f1ana\u00bb"},"content":{"rendered":"\n<pre class=\"wp-block-preformatted has-black-color has-white-background-color has-text-color has-background has-link-color wp-elements-e0cd5c98b6effe2ac5ccf5bd2f2b3620\">En el Colegio Reina del Sant\u00edsimo Rosario, con el coraz\u00f3n lleno de orgullo, celebramos los logros y el camino recorrido por nuestra querida \"Promoci\u00f3n Estrella de la Ma\u00f1ana\".<br><br>Hoy, al verlos listos para emprender nuevos rumbos, vemos en cada uno de ustedes el reflejo de la formaci\u00f3n integral que con tanto esmero cultivamos. Son la prueba viva de que nuestro lema, \"Luz y Verdad\", no es solo una frase, sino un faro que ha guiado sus mentes y sus esp\u00edritus. Ustedes han sabido iluminar los pasillos de esta instituci\u00f3n con su talento y dedicaci\u00f3n, y han demostrado que los valores cristianos y dominicos son la base s\u00f3lida para construir un futuro de \u00e9xito y servicio.<br><br>Cada uno de ustedes es una historia de perseverancia, de amistad y de crecimiento. Han sido parte fundamental de nuestra historia de m\u00e1s de 60 a\u00f1os, y ahora, al convertirse en exalumnos, llevan la esencia de la familia rosarina a cada rinc\u00f3n al que vayan. Nos enorgullece saber que hemos contribuido a formar a esta generaci\u00f3n de l\u00edderes con alma, listos para afrontar los desaf\u00edos del mundo con excelencia acad\u00e9mica y un profundo sentido humano.<br><br>Hoy no les decimos adi\u00f3s, sino \"hasta pronto\". Vayan y brillen con la misma fuerza que lo han hecho aqu\u00ed. \u00a1La \"Promoci\u00f3n Estrella de la Ma\u00f1ana\" siempre ser\u00e1 un orgullo para el Colegio Reina del Sant\u00edsimo Rosario!<\/pre>\n","protected":false},"excerpt":{"rendered":"<p>En el Colegio Reina del Sant\u00edsimo Rosario, con el coraz\u00f3n lleno de orgullo, celebramos los logros y el camino recorrido por nuestra querida \u00abPromoci\u00f3n Estrella de la Ma\u00f1ana\u00bb.Hoy, al verlos listos para emprender nuevos rumbos, vemos en cada uno de ustedes el reflejo de la formaci\u00f3n integral que con tanto esmero cultivamos. Son la prueba [&hellip;]<\/p>\n","protected":false},"author":1,"featured_media":364,"parent":0,"menu_order":0,"comment_status":"closed","ping_status":"closed","template":"","meta":{"footnotes":""},"class_list":["post-273","page","type-page","status-publish","has-post-thumbnail","hentry"],"_links":{"self":[{"href":"https:\/\/www.reinadelsantisimorosario.edu.pe\/index.php?rest_route=\/wp\/v2\/pages\/273","targetHints":{"allow":["GET"]}}],"collection":[{"href":"https:\/\/www.reinadelsantisimorosario.edu.pe\/index.php?rest_route=\/wp\/v2\/pages"}],"about":[{"href":"https:\/\/www.reinadelsantisimorosario.edu.pe\/index.php?rest_route=\/wp\/v2\/types\/page"}],"author":[{"embeddable":true,"href":"https:\/\/www.reinadelsantisimorosario.edu.pe\/index.php?rest_route=\/wp\/v2\/users\/1"}],"replies":[{"embeddable":true,"href":"https:\/\/www.reinadelsantisimorosario.edu.pe\/index.php?rest_route=%2Fwp%2Fv2%2Fcomments&post=273"}],"version-history":[{"count":3,"href":"https:\/\/www.reinadelsantisimorosario.edu.pe\/index.php?rest_route=\/wp\/v2\/pages\/273\/revisions"}],"predecessor-version":[{"id":367,"href":"https:\/\/www.reinadelsantisimorosario.edu.pe\/index.php?rest_route=\/wp\/v2\/pages\/273\/revisions\/367"}],"wp:featuredmedia":[{"embeddable":true,"href":"https:\/\/www.reinadelsantisimorosario.edu.pe\/index.php?rest_route=\/wp\/v2\/media\/364"}],"wp:attachment":[{"href":"https:\/\/www.reinadelsantisimorosario.edu.pe\/index.php?rest_route=%2Fwp%2Fv2%2Fmedia&parent=273"}],"curies":[{"name":"wp","href":"https:\/\/api.w.org\/{rel}","templated":true}]}}