{"id":269,"date":"2016-12-26T08:34:36","date_gmt":"2016-12-26T08:34:36","guid":{"rendered":"http:\/\/demo.wenthemes.com\/university-hub\/?page_id=269"},"modified":"2025-09-23T15:39:27","modified_gmt":"2025-09-23T15:39:27","slug":"your-career-starts-here-2","status":"publish","type":"page","link":"https:\/\/www.reinadelsantisimorosario.edu.pe\/?page_id=269","title":{"rendered":"Juramentaci\u00f3n de Autoridades Estudiantiles 2025"},"content":{"rendered":"\n<p class=\"has-black-color has-text-color has-link-color has-normal-font-size wp-elements-f00552ffb7169d433ac80ad4a79d63c5\"> Asume una Nueva Generaci\u00f3n de L\u00edderes Rosarinos<\/p>\n\n\n\n<pre class=\"wp-block-preformatted has-black-color has-white-background-color has-text-color has-background has-link-color wp-elements-66d9a9a171bc25b15cfcb16c98da03ea\">El Colegio Reina del Sant\u00edsimo Rosario vivi\u00f3 una ma\u00f1ana de gran trascendencia c\u00edvica durante la ceremonia de Juramentaci\u00f3n de las Autoridades Estudiantiles para el periodo 2025. El solemne evento, realizado en las instalaciones de nuestra instituci\u00f3n, marc\u00f3 el inicio de un nuevo cap\u00edtulo de liderazgo, con una directiva de j\u00f3venes rosarinos listos para asumir sus responsabilidades.<br><br>La ceremonia cont\u00f3 con la presencia de la Madre Directora Aracelly Marianela Oblea Rugel, directivos, docentes y la comunidad estudiantil en pleno, quienes se unieron para ser testigos de este importante acto. El ambiente de solemnidad y esperanza era palpable mientras la nueva directiva se preparaba para tomar un juramento que los compromete a servir a sus compa\u00f1eros y a la instituci\u00f3n con dedicaci\u00f3n.<br><br>El momento central fue el juramento oficial, donde los j\u00f3venes l\u00edderes prometieron defender los derechos de sus pares, promover la convivencia arm\u00f3nica y trabajar incansablemente por el bienestar de la comunidad rosarina. Cada palabra de su compromiso reson\u00f3 con el eco de los valores que definen a nuestro colegio, como la \"Luz y Verdad\", el servicio y la fe. La juramentaci\u00f3n no es solo un acto protocolar, sino un rito de iniciaci\u00f3n que simboliza la confianza depositada en estos estudiantes para ser la voz y el motor del cambio positivo.<br><br>El acto culmin\u00f3 con un emotivo discurso de la Madre Directora Aracelly Obleas. Con palabras llenas de sabidur\u00eda y aliento, felicit\u00f3 a los nuevos l\u00edderes por su valent\u00eda y los desafi\u00f3 a liderar con integridad y un esp\u00edritu de servicio. Ella enfatiz\u00f3 que el verdadero liderazgo se basa en la humildad y en la capacidad de inspirar a otros. Con esta juramentaci\u00f3n, el Colegio Reina del Sant\u00edsimo Rosario reafirma su compromiso de formar no solo a estudiantes con excelencia acad\u00e9mica, sino a ciudadanos responsables y proactivos, capaces de liderar con el coraz\u00f3n.<\/pre>\n","protected":false},"excerpt":{"rendered":"<p>Asume una Nueva Generaci\u00f3n de L\u00edderes Rosarinos El Colegio Reina del Sant\u00edsimo Rosario vivi\u00f3 una ma\u00f1ana de gran trascendencia c\u00edvica durante la ceremonia de Juramentaci\u00f3n de las Autoridades Estudiantiles para el periodo 2025. El solemne evento, realizado en las instalaciones de nuestra instituci\u00f3n, marc\u00f3 el inicio de un nuevo cap\u00edtulo de liderazgo, con una directiva [&hellip;]<\/p>\n","protected":false},"author":1,"featured_media":359,"parent":0,"menu_order":0,"comment_status":"closed","ping_status":"closed","template":"","meta":{"footnotes":""},"class_list":["post-269","page","type-page","status-publish","has-post-thumbnail","hentry"],"_links":{"self":[{"href":"https:\/\/www.reinadelsantisimorosario.edu.pe\/index.php?rest_route=\/wp\/v2\/pages\/269","targetHints":{"allow":["GET"]}}],"collection":[{"href":"https:\/\/www.reinadelsantisimorosario.edu.pe\/index.php?rest_route=\/wp\/v2\/pages"}],"about":[{"href":"https:\/\/www.reinadelsantisimorosario.edu.pe\/index.php?rest_route=\/wp\/v2\/types\/page"}],"author":[{"embeddable":true,"href":"https:\/\/www.reinadelsantisimorosario.edu.pe\/index.php?rest_route=\/wp\/v2\/users\/1"}],"replies":[{"embeddable":true,"href":"https:\/\/www.reinadelsantisimorosario.edu.pe\/index.php?rest_route=%2Fwp%2Fv2%2Fcomments&post=269"}],"version-history":[{"count":4,"href":"https:\/\/www.reinadelsantisimorosario.edu.pe\/index.php?rest_route=\/wp\/v2\/pages\/269\/revisions"}],"predecessor-version":[{"id":519,"href":"https:\/\/www.reinadelsantisimorosario.edu.pe\/index.php?rest_route=\/wp\/v2\/pages\/269\/revisions\/519"}],"wp:featuredmedia":[{"embeddable":true,"href":"https:\/\/www.reinadelsantisimorosario.edu.pe\/index.php?rest_route=\/wp\/v2\/media\/359"}],"wp:attachment":[{"href":"https:\/\/www.reinadelsantisimorosario.edu.pe\/index.php?rest_route=%2Fwp%2Fv2%2Fmedia&parent=269"}],"curies":[{"name":"wp","href":"https:\/\/api.w.org\/{rel}","templated":true}]}}